{"id":15,"date":"2018-10-02T19:18:05","date_gmt":"2018-10-02T17:18:05","guid":{"rendered":"http:\/\/luftverteidigung.ch\/de\/?page_id=15"},"modified":"2020-08-25T12:26:18","modified_gmt":"2020-08-25T10:26:18","slug":"ueber-uns","status":"publish","type":"page","link":"https:\/\/luftverteidigung.ch\/de\/ueber-uns\/","title":{"rendered":"\u00dcber uns"},"content":{"rendered":"<p>Im Alltag erf\u00fcllt die Luftwaffe den Luftpolizeidienst, ab 2021 rund um die Uhr. Bei eingeschr\u00e4nktem Luftraum, wie zum Beispiel beim Konferenzschutz, setzt die Luftwaffe Einschr\u00e4nkungen mit Kampfflugzeugen und bodengest\u00fctzter Luftverteidigung (BODLUV) durch.<\/p>\n<p>In Zeiten erh\u00f6hter Spannungen wahrt die Luftwaffe die Lufthoheit und verhindert die unerlaubte Nutzung des Luftraums.<\/p>\n<p>Im Fall eines bewaffneten Angriffs sch\u00fctz die Luftwaffe die Menschen in der Schweiz sowie die wichtigen Infrastrukturen und erm\u00f6glicht den Einsatz von eigenen Truppen am Boden. Die Luftwaffe unterst\u00fctzt die Bodentruppen auch mit Aufkl\u00e4rung aus der Luft und mit Eins\u00e4tzen gegen Bodenziele<\/p>\n<p>Wir sind eine Gruppe von aktiven und ehemaligen Luftwaffenangeh\u00f6rigen, welche mithelfen wollen, damit die Schweiz auch in den kommenden Jahrzehnten die Mittel hat, um diese Auftr\u00e4ge erf\u00fcllen zu k\u00f6nnen.<\/p>\n<p>Roger HARR:\u00a0<a href=\"https:\/\/www.linkedin.com\/in\/roger-harr-514804\/detail\/recent-activity\/posts\/\">https:\/\/www.linkedin.com\/in\/roger-harr-514804\/detail\/recent-activity\/posts\/<\/a><\/p>\n<p>Fran\u00e7ois MONNEY: <a href=\"https:\/\/www.linkedin.com\/in\/francoismonney\/detail\/recent-activity\/posts\/\">https:\/\/www.linkedin.com\/in\/francoismonney\/detail\/recent-activity\/posts\/<\/a><\/p>\n","protected":false},"excerpt":{"rendered":"<p>Im Alltag erf\u00fcllt die Luftwaffe den Luftpolizeidienst, ab 2021 rund um die Uhr. Bei eingeschr\u00e4nktem Luftraum, wie zum Beispiel beim Konferenzschutz, setzt die Luftwaffe Einschr\u00e4nkungen mit Kampfflugzeugen und bodengest\u00fctzter Luftverteidigung (BODLUV) durch. In Zeiten erh\u00f6hter Spannungen wahrt die Luftwaffe die<\/p>\n","protected":false},"author":1,"featured_media":0,"parent":0,"menu_order":10,"comment_status":"closed","ping_status":"closed","template":"","meta":{"footnotes":""},"class_list":["post-15","page","type-page","status-publish","hentry"],"_links":{"self":[{"href":"https:\/\/luftverteidigung.ch\/de\/wp-json\/wp\/v2\/pages\/15","targetHints":{"allow":["GET"]}}],"collection":[{"href":"https:\/\/luftverteidigung.ch\/de\/wp-json\/wp\/v2\/pages"}],"about":[{"href":"https:\/\/luftverteidigung.ch\/de\/wp-json\/wp\/v2\/types\/page"}],"author":[{"embeddable":true,"href":"https:\/\/luftverteidigung.ch\/de\/wp-json\/wp\/v2\/users\/1"}],"replies":[{"embeddable":true,"href":"https:\/\/luftverteidigung.ch\/de\/wp-json\/wp\/v2\/comments?post=15"}],"version-history":[{"count":9,"href":"https:\/\/luftverteidigung.ch\/de\/wp-json\/wp\/v2\/pages\/15\/revisions"}],"predecessor-version":[{"id":397,"href":"https:\/\/luftverteidigung.ch\/de\/wp-json\/wp\/v2\/pages\/15\/revisions\/397"}],"wp:attachment":[{"href":"https:\/\/luftverteidigung.ch\/de\/wp-json\/wp\/v2\/media?parent=15"}],"curies":[{"name":"wp","href":"https:\/\/api.w.org\/{rel}","templated":true}]}}