{"id":21,"date":"2018-10-02T19:19:22","date_gmt":"2018-10-02T17:19:22","guid":{"rendered":"http:\/\/luftverteidigung.ch\/de\/?page_id=21"},"modified":"2020-08-06T09:35:20","modified_gmt":"2020-08-06T07:35:20","slug":"expertenwissen","status":"publish","type":"page","link":"https:\/\/luftverteidigung.ch\/de\/expertenwissen\/","title":{"rendered":"Expertenwissen"},"content":{"rendered":"<p>Sie finden in der Spalte rechts jeweils neue Beitr\u00e4ge, welche die weltweite Situation bez\u00fcglich Bedrohungs-Szenarien, sowie Entwicklung und Einsatz von Kampfflugzeugen zeigen. Interessierte k\u00f6nnen sich informieren und Journalisten finden hier eine grosse Zahl von Quellen, welche bei der Recherche f\u00fcr Beitr\u00e4ge helfen soll. Beitr\u00e4ge mit Inhalt, welcher speziell f\u00fcr die Schweiz relevant sind, sind mit einem &#8222;CH&#8220; am Anfang des Titels gekennzeichnet.<\/p>\n<p>Gerne stehen die Betreiber dieser Webseite auch mit eigenem Fachwissen zur Verf\u00fcgung.<\/p>\n","protected":false},"excerpt":{"rendered":"<p>Sie finden in der Spalte rechts jeweils neue Beitr\u00e4ge, welche die weltweite Situation bez\u00fcglich Bedrohungs-Szenarien, sowie Entwicklung und Einsatz von Kampfflugzeugen zeigen. Interessierte k\u00f6nnen sich informieren und Journalisten finden hier eine grosse Zahl von Quellen, welche bei der Recherche f\u00fcr<\/p>\n","protected":false},"author":1,"featured_media":0,"parent":0,"menu_order":40,"comment_status":"closed","ping_status":"closed","template":"beitrags_uebersicht.php","meta":{"footnotes":""},"class_list":["post-21","page","type-page","status-publish","hentry"],"_links":{"self":[{"href":"https:\/\/luftverteidigung.ch\/de\/wp-json\/wp\/v2\/pages\/21","targetHints":{"allow":["GET"]}}],"collection":[{"href":"https:\/\/luftverteidigung.ch\/de\/wp-json\/wp\/v2\/pages"}],"about":[{"href":"https:\/\/luftverteidigung.ch\/de\/wp-json\/wp\/v2\/types\/page"}],"author":[{"embeddable":true,"href":"https:\/\/luftverteidigung.ch\/de\/wp-json\/wp\/v2\/users\/1"}],"replies":[{"embeddable":true,"href":"https:\/\/luftverteidigung.ch\/de\/wp-json\/wp\/v2\/comments?post=21"}],"version-history":[{"count":4,"href":"https:\/\/luftverteidigung.ch\/de\/wp-json\/wp\/v2\/pages\/21\/revisions"}],"predecessor-version":[{"id":238,"href":"https:\/\/luftverteidigung.ch\/de\/wp-json\/wp\/v2\/pages\/21\/revisions\/238"}],"wp:attachment":[{"href":"https:\/\/luftverteidigung.ch\/de\/wp-json\/wp\/v2\/media?parent=21"}],"curies":[{"name":"wp","href":"https:\/\/api.w.org\/{rel}","templated":true}]}}