{"id":25,"date":"2018-10-02T19:20:09","date_gmt":"2018-10-02T17:20:09","guid":{"rendered":"http:\/\/luftverteidigung.ch\/de\/?page_id=25"},"modified":"2020-08-25T12:05:35","modified_gmt":"2020-08-25T10:05:35","slug":"referenten-fuer-vortraege","status":"publish","type":"page","link":"https:\/\/luftverteidigung.ch\/de\/referenten-fuer-vortraege\/","title":{"rendered":"Referenten f\u00fcr Vortr\u00e4ge"},"content":{"rendered":"<p>F\u00fcr Referentenanfragen in deutscher Sprache, wenden Sie sich bitte an rogerharr (at) bluewin.ch.<\/p>\n<p>Pour toute demande de conf\u00e9renci\u00e8re ou de conf\u00e9rencier\u00a0en langue fran\u00e7aise, merci de vous adresser \u00e0 francoismonney (at) me.com.<\/p>\n","protected":false},"excerpt":{"rendered":"<p>F\u00fcr Referentenanfragen in deutscher Sprache, wenden Sie sich bitte an rogerharr (at) bluewin.ch. Pour toute demande de conf\u00e9renci\u00e8re ou de conf\u00e9rencier\u00a0en langue fran\u00e7aise, merci de vous adresser \u00e0 francoismonney (at) me.com.<\/p>\n","protected":false},"author":1,"featured_media":0,"parent":0,"menu_order":60,"comment_status":"closed","ping_status":"closed","template":"","meta":{"footnotes":""},"class_list":["post-25","page","type-page","status-publish","hentry"],"_links":{"self":[{"href":"https:\/\/luftverteidigung.ch\/de\/wp-json\/wp\/v2\/pages\/25","targetHints":{"allow":["GET"]}}],"collection":[{"href":"https:\/\/luftverteidigung.ch\/de\/wp-json\/wp\/v2\/pages"}],"about":[{"href":"https:\/\/luftverteidigung.ch\/de\/wp-json\/wp\/v2\/types\/page"}],"author":[{"embeddable":true,"href":"https:\/\/luftverteidigung.ch\/de\/wp-json\/wp\/v2\/users\/1"}],"replies":[{"embeddable":true,"href":"https:\/\/luftverteidigung.ch\/de\/wp-json\/wp\/v2\/comments?post=25"}],"version-history":[{"count":4,"href":"https:\/\/luftverteidigung.ch\/de\/wp-json\/wp\/v2\/pages\/25\/revisions"}],"predecessor-version":[{"id":393,"href":"https:\/\/luftverteidigung.ch\/de\/wp-json\/wp\/v2\/pages\/25\/revisions\/393"}],"wp:attachment":[{"href":"https:\/\/luftverteidigung.ch\/de\/wp-json\/wp\/v2\/media?parent=25"}],"curies":[{"name":"wp","href":"https:\/\/api.w.org\/{rel}","templated":true}]}}