{"id":1117,"date":"2024-08-09T16:11:37","date_gmt":"2024-08-09T14:11:37","guid":{"rendered":"https:\/\/luftverteidigung.ch\/fr\/?page_id=1117"},"modified":"2024-08-09T16:23:02","modified_gmt":"2024-08-09T14:23:02","slug":"declaration-de-confidentialite","status":"publish","type":"page","link":"https:\/\/luftverteidigung.ch\/fr\/declaration-de-confidentialite\/","title":{"rendered":"D\u00e9claration de confidentialit\u00e9"},"content":{"rendered":"<h2>Qui nous sommes<\/h2>\n<p>L&rsquo;adresse de notre site Internet est: www.luftverteidigung.ch.<\/p>\n<h2>Quelles informations personnelles nous collectons et pourquoi nous les collectons<\/h2>\n<p>Toutes les informations sur les donn\u00e9es personnelles que nous collectons, pourquoi nous les collectons et combien de temps nous les conservons se trouvent dans notre d\u00e9claration de protection des donn\u00e9es, qui est \u00e0 votre disposition en <a href=\"https:\/\/luftverteidigung.ch\/fr\/wp-content\/uploads\/sites\/3\/2024\/08\/declaration_de_confidentialite.pdf\" target=\"_blank\" rel=\"noopener\">t\u00e9l\u00e9chargement PDF<\/a>.<\/p>\n","protected":false},"excerpt":{"rendered":"<p>Qui nous sommes L&rsquo;adresse de notre site Internet est: www.luftverteidigung.ch. Quelles informations personnelles nous collectons et pourquoi nous les collectons Toutes les informations sur les donn\u00e9es personnelles que nous collectons, pourquoi nous les collectons et combien de temps nous les<\/p>\n","protected":false},"author":1,"featured_media":0,"parent":0,"menu_order":80,"comment_status":"closed","ping_status":"closed","template":"","meta":{"footnotes":""},"class_list":["post-1117","page","type-page","status-publish","hentry"],"_links":{"self":[{"href":"https:\/\/luftverteidigung.ch\/fr\/wp-json\/wp\/v2\/pages\/1117","targetHints":{"allow":["GET"]}}],"collection":[{"href":"https:\/\/luftverteidigung.ch\/fr\/wp-json\/wp\/v2\/pages"}],"about":[{"href":"https:\/\/luftverteidigung.ch\/fr\/wp-json\/wp\/v2\/types\/page"}],"author":[{"embeddable":true,"href":"https:\/\/luftverteidigung.ch\/fr\/wp-json\/wp\/v2\/users\/1"}],"replies":[{"embeddable":true,"href":"https:\/\/luftverteidigung.ch\/fr\/wp-json\/wp\/v2\/comments?post=1117"}],"version-history":[{"count":3,"href":"https:\/\/luftverteidigung.ch\/fr\/wp-json\/wp\/v2\/pages\/1117\/revisions"}],"predecessor-version":[{"id":1121,"href":"https:\/\/luftverteidigung.ch\/fr\/wp-json\/wp\/v2\/pages\/1117\/revisions\/1121"}],"wp:attachment":[{"href":"https:\/\/luftverteidigung.ch\/fr\/wp-json\/wp\/v2\/media?parent=1117"}],"curies":[{"name":"wp","href":"https:\/\/api.w.org\/{rel}","templated":true}]}}