{"id":16,"date":"2020-08-01T17:21:41","date_gmt":"2020-08-01T15:21:41","guid":{"rendered":"http:\/\/luftverteidigung.ch\/fr\/?page_id=16"},"modified":"2020-09-19T10:41:26","modified_gmt":"2020-09-19T08:41:26","slug":"la-menace","status":"publish","type":"page","link":"https:\/\/luftverteidigung.ch\/fr\/la-menace\/","title":{"rendered":"La menace"},"content":{"rendered":"<p>La Suisse est l&rsquo;un des pays les plus s\u00fbrs au monde. Cependant, la s\u00e9curit\u00e9 ne va pas de soi : elle n&rsquo;est ni \u00e9vidente ni gratuite. Vivre dans un environnement s\u00fbr n\u00e9cessite d&rsquo;investir dans la s\u00e9curit\u00e9. Cela touche toute la gamme des risques et menaces potentiels, qu\u2019ils soient sociaux, sanitaires, cybern\u00e9tiques, terroristes ou militaires. Apr\u00e8s des d\u00e9cennies de prosp\u00e9rit\u00e9, beaucoup l&rsquo;ont oubli\u00e9 ou ne veulent plus prendre en consid\u00e9ration certains aspects de cette palette des risques et menaces. Notre monde est devenu toujours plus volatile, incertain, complexe et ambigu au cours de ces derni\u00e8res ann\u00e9es. Au cours des d\u00e9cennies qui ont suivi la fin de la guerre froide, les risques et menaces se sont diversifi\u00e9s et rapproch\u00e9s de nous g\u00e9ographiquement. Le fait que d&rsquo;autres menaces soient apparues entre temps et aient gagn\u00e9 en acuit\u00e9 ne va pas \u00e0 l\u2019encontre d\u2019un renouvellement des moyens de protection de l&rsquo;espace a\u00e9rien.<\/p>\n<blockquote><p>Les \u00ab nouvelles \u00bb menaces ne remplacent pas les \u00ab anciennes \u00bb, elles les compl\u00e8tent.<\/p><\/blockquote>\n<p>Dans le domaine des risques et menaces, il ne s&rsquo;agit pas de choisir entre l&rsquo;un ou l&rsquo;autre, car il est possible, et m\u00eame tr\u00e8s probable, que plusieurs menaces surgissent simultan\u00e9ment. Par exemple, le moment id\u00e9al pour un acte terroriste ou une cyber-attaque est celui o\u00f9 les ressources d&rsquo;une soci\u00e9t\u00e9 sont absorb\u00e9es par les cons\u00e9quences d&rsquo;une pand\u00e9mie.<\/p>\n<p>Les syst\u00e8mes \u00e0 acqu\u00e9rir pour remplacer nos moyens de d\u00e9fense a\u00e9rienne de plus en plus obsol\u00e8tes devraient \u00eatre op\u00e9rationnels \u00e0 partir de 2030 environ ; ils permettront d\u2019assurer la protection de la population suisse et de nos infrastructures critiques jusqu&rsquo;en 2060 au moins. Les quatre d\u00e9cennies qui nous s\u00e9parent de 2060 sont \u00e9galement marqu\u00e9es par de nombreuses incertitudes. Par exemple, nous ne savons pas sous quelle forme la Suisse d\u00e9finira sa neutralit\u00e9 \u00e0 la lumi\u00e8re du d\u00e9veloppement de la situation s\u00e9curitaire internationale.<\/p>\n<figure id=\"attachment_17\" aria-describedby=\"caption-attachment-17\" style=\"width: 800px\" class=\"wp-caption aligncenter\"><img loading=\"lazy\" decoding=\"async\" class=\"wp-image-17\" src=\"https:\/\/luftverteidigung.ch\/fr\/wp-content\/uploads\/sites\/3\/2020\/08\/karte-manoever-1024x759-1.jpg\" alt=\"\" width=\"800\" height=\"593\" srcset=\"https:\/\/luftverteidigung.ch\/fr\/wp-content\/uploads\/sites\/3\/2020\/08\/karte-manoever-1024x759-1.jpg 1024w, https:\/\/luftverteidigung.ch\/fr\/wp-content\/uploads\/sites\/3\/2020\/08\/karte-manoever-1024x759-1-300x222.jpg 300w, https:\/\/luftverteidigung.ch\/fr\/wp-content\/uploads\/sites\/3\/2020\/08\/karte-manoever-1024x759-1-768x569.jpg 768w\" sizes=\"auto, (max-width: 800px) 100vw, 800px\" \/><figcaption id=\"caption-attachment-17\" class=\"wp-caption-text\">Lors des grandes man\u0153uvres SAPAD 2017, la Russie a simul\u00e9 la conqu\u00eate de l&rsquo;acc\u00e8s \u00e0 la mer Baltique et l&rsquo;isolement des \u00c9tats baltes (Source : FAZ 13.9.2017)<\/figcaption><\/figure>\n<p>L&rsquo;importance strat\u00e9gique de la r\u00e9gion de la mer Baltique pour la s\u00e9curit\u00e9 et la stabilit\u00e9 en Europe s&rsquo;est clairement accrue au cours de ces derni\u00e8res ann\u00e9es, notamment pour l\u2019Europe occidentale et centrale. La relation tendue qu\u2019entretien la Russie avec les \u00c9tats de la r\u00e9gion \u2013 principalement avec les cinq qui ont fronti\u00e8re commune avec elle \u2013 constitue un facteur central d\u2019incertitude et d\u2019instabilit\u00e9. La Russie est per\u00e7ue comme une menace par nombre de ses voisins depuis l&rsquo;annexion de la Crim\u00e9e, en violation du droit international, mais surtout depuis le d\u00e9clenchement du conflit dans l&rsquo;est de l&rsquo;Ukraine.<\/p>\n<p>La mer Baltique est d&rsquo;une importance strat\u00e9gique pour la Russie. D&rsquo;importants ports et chantiers navals russes sont situ\u00e9s sur la mer Baltique, et le bois, le p\u00e9trole, le gaz ainsi que d&rsquo;autres biens transites par cette voie. Le gazoduc Nordstream passe \u00e9galement par l\u00e0. Personne ne s&rsquo;attend \u00e0 une agression militaire \u00e0 l&rsquo;heure actuelle. Comme en Ukraine, les gens se pr\u00e9parent plut\u00f4t \u00e0 une tactique dite hybride : petites piq\u00fbres et provocations qui cr\u00e9ent de l&rsquo;ins\u00e9curit\u00e9 et alimentent les craintes. Notamment dans les r\u00e9publiques baltes, qui n&rsquo;auraient rien \u00e0 opposer \u00e0 leur puissant voisin en cas de n\u00e9cessit\u00e9.<\/p>\n<p>Mais l&rsquo;action perturbatrice peut \u00eatre accrue. Apr\u00e8s tout, les \u00c9tats baltes, en particulier, d\u00e9pendent de la fluidit\u00e9 du trafic maritime dans la mer Baltique. Ils peuvent difficilement s&rsquo;approvisionner par voie terrestre ou a\u00e9rienne uniquement. Si la Russie devait perturber le trafic maritime ou m\u00eame bloquer les voies maritimes, ce serait catastrophique pour eux. Mais pas que : en cas de conflit dans la r\u00e9gion, la mer Baltique a \u00e9galement une importance strat\u00e9gique pour l&rsquo;OTAN, en tant que voie de ravitaillement. Les liaisons ferroviaires vers les \u00c9tats baltes sont m\u00e9diocres et l\u2019on peut assez ais\u00e9ment s\u2019emparer de l\u2019oblast de Kaliningrad, l\u2019exclave russe situ\u00e9e entre la Lituanie et la Pologne. Il existe un potentiel de conflit ici, \u00e0 une heure de vol de la Suisse, qui n&rsquo;est en rien inf\u00e9rieur \u00e0 la situation en Crim\u00e9e. Cela explique les efforts d\u2019armement consentis par la Pologne.<\/p>\n<p>Si une crise devait \u00e9clater dans les \u00c9tats baltes, le Conseil f\u00e9d\u00e9ral devra disposer d\u2019options pour, si n\u00e9cessaire, pouvoir restreindre l\u2019usage de notre espace a\u00e9rien, pour sauvegarder notre neutralit\u00e9. En pareille situation, drones et avions d&rsquo;entra\u00eenement arm\u00e9s ne lui seraient d\u2019aucune utilit\u00e9.<\/p>\n<figure id=\"attachment_18\" aria-describedby=\"caption-attachment-18\" style=\"width: 800px\" class=\"wp-caption aligncenter\"><img loading=\"lazy\" decoding=\"async\" class=\"wp-image-18\" src=\"https:\/\/luftverteidigung.ch\/fr\/wp-content\/uploads\/sites\/3\/2020\/08\/Wueste-650x371-1-103208.jpeg\" alt=\"\" width=\"800\" height=\"457\" srcset=\"https:\/\/luftverteidigung.ch\/fr\/wp-content\/uploads\/sites\/3\/2020\/08\/Wueste-650x371-1-103208.jpeg 650w, https:\/\/luftverteidigung.ch\/fr\/wp-content\/uploads\/sites\/3\/2020\/08\/Wueste-650x371-1-103208-300x171.jpeg 300w\" sizes=\"auto, (max-width: 800px) 100vw, 800px\" \/><figcaption id=\"caption-attachment-18\" class=\"wp-caption-text\">Le changement climatique pourrait rendre inhabitables certaines r\u00e9gions du Moyen-Orient et de l&rsquo;Afrique du Nord, qui seraient soumises \u00e0 des temp\u00e9ratures de 46 degr\u00e9s le jour, et pas moins de 30 degr\u00e9s la nuit (Codecheck, 6 mai 2016)<\/figcaption><\/figure>\n<p>En outre, la crise du coronavirus a chang\u00e9 le monde d&rsquo;une mani\u00e8re qu&rsquo;il \u00e9tait difficile d&rsquo;imaginer il y a quelques mois \u00e0 peine, et diverses \u00e9tudes montrent comment le changement climatique pourrait avoir un effet similaire. Jetons un regard sombre, par exemple, sur un monde dans lequel les \u00e9missions de gaz \u00e0 effet de serre augmentent de mani\u00e8re incontr\u00f4l\u00e9e : dans 30 ans, 20 \u00e0 30 % de la population mondiale vivra dans des r\u00e9gions trop chaudes pour un habitat humain ; notamment, une grande partie de l&rsquo;Afrique du Nord deviendra inhabitable. Des troubles sociaux et militaires y \u00e9clateront et des vagues de r\u00e9fugi\u00e9s d&rsquo;une ampleur sans pr\u00e9c\u00e9dent frapperont les r\u00e9gions du monde encore habitables.<\/p>\n<p>On ne fera pas face \u00e0 ces d\u00e9fis uniquement avec des moyens logistiques. L\u00e0 o\u00f9 r\u00e8gnent les guerres de gangs, o\u00f9 la terreur se r\u00e9pand, o\u00f9 les arm\u00e9es de mercenaires financ\u00e9es par des \u00c9tats ayant des int\u00e9r\u00eats locaux particuliers s&rsquo;affrontent, il n\u2019y aura d\u2019autre option que d\u2019y mener une action militaire d\u00e9termin\u00e9e. En pareille situation, la Suisse, qui se trouve au c\u0153ur de l&rsquo;Europe &#8211; m\u00eame si elle n&rsquo;est pas membre de l&rsquo;UE &#8211; devrait fournir des contributions autre que de mettre des milliards \u00e0 disposition.<\/p>\n<blockquote><p>Dans un environnement g\u00e9opolitique et g\u00e9ostrat\u00e9gique toujours plus volatile, incertain, complexe et ambigu, il convient de ne pas \u00e9cart\u00e9 l&rsquo;\u00e9ventualit\u00e9 de la \u00ab\u00a0surprise strat\u00e9gique\u00a0\u00bb.<\/p><\/blockquote>\n<p>Les pr\u00e9visions sont difficiles, surtout lorsqu&rsquo;elles concernent l&rsquo;avenir ! L&rsquo;argument selon lequel nous sommes \u00ab entour\u00e9s d&rsquo;amis \u00bb n&rsquo;est pas d\u00e9fendable :<\/p>\n<ul>\n<li>il est trompeur, voire n\u00e9gligent, de pr\u00e9tendre pouvoir miser unilat\u00e9ralement sur la solidarit\u00e9 internationale en cas de crise, car chaque pays souverain s&rsquo;organise d&rsquo;abord pour lui-m\u00eame en pareille situation. Nous en voulons pour preuve qu&rsquo;au d\u00e9but de la crise du coronavirus, plusieurs de nos pays voisins ont bloqu\u00e9 \u00e0 leurs fronti\u00e8res des fournitures m\u00e9dicales essentielles pour la Suisse, provenant de l&rsquo;\u00e9tranger par la mer ; dans un premier temps, ces pays n&rsquo;ont pas autoris\u00e9 l&rsquo;entr\u00e9e de ces biens en Suisse, cela pour satisfaire d\u2019abord leurs propres besoins ;<\/li>\n<li>\u00eatre d\u00e9pendant de l&rsquo;\u00e9tranger pour s\u00e9curiser notre espace a\u00e9rien en temps de crise est incompatible avec notre neutralit\u00e9.<\/li>\n<\/ul>\n<p>Dans les situations de crise, les conditions de \u00ab beau temps \u00bb ne fonctionnent plus. C&rsquo;est une des le\u00e7ons de la crise du coronavirus.<\/p>\n<p>Une autre le\u00e7on est qu&rsquo;il est imp\u00e9ratif de penser l&rsquo;impensable, penser la surprise strat\u00e9gique, celle que nous ne pouvons pas encore voir \u00e0 vue humaine.<\/p>\n<p>Nous arriverons alors \u00e0 la conclusion qu&rsquo;il pourrait y avoir diff\u00e9rents sc\u00e9narios dans lesquels la Suisse devrait repenser la conception de sa neutralit\u00e9, sans pour autant y renoncer. Dans ce contexte, les moyens militaires resteront indispensables \u00e0 l&rsquo;avenir.<\/p>\n","protected":false},"excerpt":{"rendered":"<p>La Suisse est l&rsquo;un des pays les plus s\u00fbrs au monde. Cependant, la s\u00e9curit\u00e9 ne va pas de soi : elle n&rsquo;est ni \u00e9vidente ni gratuite. Vivre dans un environnement s\u00fbr n\u00e9cessite d&rsquo;investir dans la s\u00e9curit\u00e9. Cela touche toute la<\/p>\n","protected":false},"author":1,"featured_media":0,"parent":0,"menu_order":11,"comment_status":"closed","ping_status":"closed","template":"","meta":{"footnotes":""},"class_list":["post-16","page","type-page","status-publish","hentry"],"_links":{"self":[{"href":"https:\/\/luftverteidigung.ch\/fr\/wp-json\/wp\/v2\/pages\/16","targetHints":{"allow":["GET"]}}],"collection":[{"href":"https:\/\/luftverteidigung.ch\/fr\/wp-json\/wp\/v2\/pages"}],"about":[{"href":"https:\/\/luftverteidigung.ch\/fr\/wp-json\/wp\/v2\/types\/page"}],"author":[{"embeddable":true,"href":"https:\/\/luftverteidigung.ch\/fr\/wp-json\/wp\/v2\/users\/1"}],"replies":[{"embeddable":true,"href":"https:\/\/luftverteidigung.ch\/fr\/wp-json\/wp\/v2\/comments?post=16"}],"version-history":[{"count":18,"href":"https:\/\/luftverteidigung.ch\/fr\/wp-json\/wp\/v2\/pages\/16\/revisions"}],"predecessor-version":[{"id":711,"href":"https:\/\/luftverteidigung.ch\/fr\/wp-json\/wp\/v2\/pages\/16\/revisions\/711"}],"wp:attachment":[{"href":"https:\/\/luftverteidigung.ch\/fr\/wp-json\/wp\/v2\/media?parent=16"}],"curies":[{"name":"wp","href":"https:\/\/api.w.org\/{rel}","templated":true}]}}