{"id":2,"date":"2018-10-02T18:30:00","date_gmt":"2018-10-02T16:30:00","guid":{"rendered":"http:\/\/luftverteidigung.ch\/fr\/?page_id=2"},"modified":"2020-08-25T12:33:39","modified_gmt":"2020-08-25T10:33:39","slug":"a-propos","status":"publish","type":"page","link":"https:\/\/luftverteidigung.ch\/fr\/a-propos\/","title":{"rendered":"\u00c0 propos"},"content":{"rendered":"<p>Les Forces a\u00e9riennes suisses assurent le service de police a\u00e9rienne au quotidien, aujourd\u2019hui de 06h00 \u00e0 22h00 \u2013 24 heures sur 24 \u00e0 partir du 1er janvier 2021. En cas de d\u00e9cision du Conseil f\u00e9d\u00e9ral de restreindre l\u2019usage de notre espace a\u00e9rien, par exemple pour la protection de conf\u00e9rences ou de grands \u00e9v\u00e9nements internationaux, les Forces a\u00e9riennes suisses font respecter les restrictions avec leurs avions de chasses et leurs moyens de d\u00e9fense sol-air (DSA) ainsi de surveillance de l\u2019espace a\u00e9rien et de conduite des op\u00e9rations dans ledit espace.<\/p>\n<p>En situation de tensions internationales accrues, les Forces a\u00e9riennes suisses sauvegardent la souverainet\u00e9 sur notre espace a\u00e9rien et en emp\u00eachent une utilisation non autoris\u00e9e.<\/p>\n<p>En cas d\u2019agression militaire de la Suisse, les forces a\u00e9riennes d\u00e9fendent notre espace a\u00e9rien, prot\u00e8gent la population suisse ainsi que les infrastructures critiques et permettent le d\u00e9ploiement de nos troupes au sol. En outre, les Forces a\u00e9riennes suisses assurent la reconnaissance a\u00e9rienne au profit des autorit\u00e9s politiques et du commandement de l\u2019arm\u00e9e et elles appuient les forces terrestres en combattant des cibles au sol.<\/p>\n<p>Nous sommes un groupe de membres actifs et anciens des Forces a\u00e9riennes suisses, soucieux de contribuer \u00e0 ce que la Suisse &#8211; en tant qu&rsquo;\u00c9tat neutre enclav\u00e9 aux niveaux g\u00e9ographique, g\u00e9opolitique et g\u00e9ostrat\u00e9gique au c\u0153ur du continent europ\u00e9en &#8211; dispose encore dans les d\u00e9cennies \u00e0 venir des moyens de maintenir sa souverainet\u00e9 sur son espace a\u00e9rien et de disposer d&rsquo;une solide capacit\u00e9 de d\u00e9fense a\u00e9rienne, le cas \u00e9ch\u00e9ant.<\/p>\n\n\n<p><a aria-label=\"Fran\u00e7ois MONNEY (s\u2019ouvre dans un nouvel onglet)\" rel=\"noreferrer noopener\" href=\"https:\/\/www.linkedin.com\/in\/francoismonney\/detail\/recent-activity\/posts\/\" target=\"_blank\">Fran\u00e7ois MONNEY<\/a> (page en fran\u00e7ais) &amp; <a aria-label=\"Roger HARR (s\u2019ouvre dans un nouvel onglet)\" rel=\"noreferrer noopener\" href=\"https:\/\/www.linkedin.com\/in\/roger-harr-514804\/detail\/recent-activity\/posts\/\" target=\"_blank\">Roger HARR<\/a> (page en allemand)<\/p>\n","protected":false},"excerpt":{"rendered":"<p>Les Forces a\u00e9riennes suisses assurent le service de police a\u00e9rienne au quotidien, aujourd\u2019hui de 06h00 \u00e0 22h00 \u2013 24 heures sur 24 \u00e0 partir du 1er janvier 2021. En cas de d\u00e9cision du Conseil f\u00e9d\u00e9ral de restreindre l\u2019usage de notre<\/p>\n","protected":false},"author":1,"featured_media":0,"parent":0,"menu_order":10,"comment_status":"closed","ping_status":"open","template":"","meta":{"footnotes":""},"class_list":["post-2","page","type-page","status-publish","hentry"],"_links":{"self":[{"href":"https:\/\/luftverteidigung.ch\/fr\/wp-json\/wp\/v2\/pages\/2","targetHints":{"allow":["GET"]}}],"collection":[{"href":"https:\/\/luftverteidigung.ch\/fr\/wp-json\/wp\/v2\/pages"}],"about":[{"href":"https:\/\/luftverteidigung.ch\/fr\/wp-json\/wp\/v2\/types\/page"}],"author":[{"embeddable":true,"href":"https:\/\/luftverteidigung.ch\/fr\/wp-json\/wp\/v2\/users\/1"}],"replies":[{"embeddable":true,"href":"https:\/\/luftverteidigung.ch\/fr\/wp-json\/wp\/v2\/comments?post=2"}],"version-history":[{"count":5,"href":"https:\/\/luftverteidigung.ch\/fr\/wp-json\/wp\/v2\/pages\/2\/revisions"}],"predecessor-version":[{"id":334,"href":"https:\/\/luftverteidigung.ch\/fr\/wp-json\/wp\/v2\/pages\/2\/revisions\/334"}],"wp:attachment":[{"href":"https:\/\/luftverteidigung.ch\/fr\/wp-json\/wp\/v2\/media?parent=2"}],"curies":[{"name":"wp","href":"https:\/\/api.w.org\/{rel}","templated":true}]}}