{"id":33,"date":"2020-08-01T17:49:47","date_gmt":"2020-08-01T15:49:47","guid":{"rendered":"http:\/\/luftverteidigung.ch\/fr\/?page_id=33"},"modified":"2020-09-19T10:43:26","modified_gmt":"2020-09-19T08:43:26","slug":"connaissances-expert","status":"publish","type":"page","link":"https:\/\/luftverteidigung.ch\/fr\/connaissances-expert\/","title":{"rendered":"Connaissances d&rsquo;expert"},"content":{"rendered":"\n<p>Dans la colonne de droite, vous acc\u00e9dez sous \u00ab\u00a0Articles r\u00e9cents\u00a0\u00bb aux derni\u00e8res contributions publi\u00e9es ou analyses et articles relay\u00e9s ici sur la situation g\u00e9ostrat\u00e9gique mondiale et les sc\u00e9narios de menace qui peuvent en d\u00e9couler, ainsi que sur le d\u00e9veloppement des avions de combat et leur engagement ou leur utilit\u00e9.<\/p>\n\n\n\n<p>Les personnes int\u00e9ress\u00e9es et les journalistes trouveront un grand nombre de sources pour s&rsquo;informer et les aider dans leurs recherches pour la r\u00e9daction d&rsquo;articles, en filtrant nos contributions \u00e0 l&rsquo;aide des cat\u00e9gories et des #Hashtags. Les contenus pr\u00e9sentant un int\u00e9r\u00eat particulier pour la Suisse sont signal\u00e9s par un \u00ab\u00a0CH\u00a0\u00bb au d\u00e9but du titre, et par un \u00ab\u00a0Air2030\u00a0\u00bb pour ce qui concerne sp\u00e9cifiquement le renouvellement des moyens des Forces a\u00e9riennes suisses (votation du 27 septembre 2020, \u00e9valuation des syst\u00e8mes \u00e0 acqu\u00e9rir).<\/p>\n\n\n\n<p>Les administrateurs de <a href=\"https:\/\/luftverteidigung.ch\/fr\/\">luftverteidigung.ch<\/a> se tiennent \u00e9galement pr\u00eats \u00e0 offrir leur propre expertise.<\/p>\n","protected":false},"excerpt":{"rendered":"<p>Dans la colonne de droite, vous acc\u00e9dez sous \u00ab\u00a0Articles r\u00e9cents\u00a0\u00bb aux derni\u00e8res contributions publi\u00e9es ou analyses et articles relay\u00e9s ici sur la situation g\u00e9ostrat\u00e9gique mondiale et les sc\u00e9narios de menace qui peuvent en d\u00e9couler, ainsi que sur le d\u00e9veloppement des<\/p>\n","protected":false},"author":1,"featured_media":0,"parent":0,"menu_order":13,"comment_status":"closed","ping_status":"closed","template":"","meta":{"footnotes":""},"class_list":["post-33","page","type-page","status-publish","hentry"],"_links":{"self":[{"href":"https:\/\/luftverteidigung.ch\/fr\/wp-json\/wp\/v2\/pages\/33","targetHints":{"allow":["GET"]}}],"collection":[{"href":"https:\/\/luftverteidigung.ch\/fr\/wp-json\/wp\/v2\/pages"}],"about":[{"href":"https:\/\/luftverteidigung.ch\/fr\/wp-json\/wp\/v2\/types\/page"}],"author":[{"embeddable":true,"href":"https:\/\/luftverteidigung.ch\/fr\/wp-json\/wp\/v2\/users\/1"}],"replies":[{"embeddable":true,"href":"https:\/\/luftverteidigung.ch\/fr\/wp-json\/wp\/v2\/comments?post=33"}],"version-history":[{"count":7,"href":"https:\/\/luftverteidigung.ch\/fr\/wp-json\/wp\/v2\/pages\/33\/revisions"}],"predecessor-version":[{"id":198,"href":"https:\/\/luftverteidigung.ch\/fr\/wp-json\/wp\/v2\/pages\/33\/revisions\/198"}],"wp:attachment":[{"href":"https:\/\/luftverteidigung.ch\/fr\/wp-json\/wp\/v2\/media?parent=33"}],"curies":[{"name":"wp","href":"https:\/\/api.w.org\/{rel}","templated":true}]}}