{"id":35,"date":"2020-08-01T17:50:52","date_gmt":"2020-08-01T15:50:52","guid":{"rendered":"http:\/\/luftverteidigung.ch\/fr\/?page_id=35"},"modified":"2020-09-19T10:43:36","modified_gmt":"2020-09-19T08:43:36","slug":"materiel-dinformation","status":"publish","type":"page","link":"https:\/\/luftverteidigung.ch\/fr\/materiel-dinformation\/","title":{"rendered":"Mat\u00e9riel d&rsquo;information"},"content":{"rendered":"\n<p>Nous mettons ici \u00e0 votre disposition des documents d&rsquo;information \u00e0 t\u00e9l\u00e9charger :<\/p>\n\n\n\n<p>Documents publi\u00e9s par le <a href=\"https:\/\/www.vbs.admin.ch\/fr\/defense\/protection-espace-aerien.html#handouts\" target=\"_blank\" rel=\"noreferrer noopener\">DDPS &gt; D\u00e9fense &gt; Air2030 &#8211; Protection de l&rsquo;espace a\u00e9rien<\/a><\/p>\n\n\n\n<ul class=\"wp-block-list\"><li><a rel=\"noreferrer noopener\" href=\"\/\/\/Users\/frammonney\/Downloads\/2018-01-31-Pocketcard_SdL-f-1.pdf\" target=\"_blank\">Carte de poche (Pocketcard) Air2030<\/a><br>Version du 15.04.2019<br>PDF, 2 pages, 75 KB<\/li><li><a href=\"\/\/\/Users\/frammonney\/Downloads\/Air2030_Broschuere_Populaerfassung_f-4.pdf\" target=\"_blank\" rel=\"noreferrer noopener\">Brochure Air2030<\/a><br>Version du 10.06.2020<br>PDF, 20 pages, 636 KB<\/li><li><a href=\"\/\/\/Users\/frammonney\/Downloads\/Faktenblatt-Schutz-des-Luftraums-Bedarf-f.pdf\" target=\"_blank\" rel=\"noreferrer noopener\">Fiche d&rsquo;information Air2030<\/a><br>Version du 26.04.2019<br>PDF, 3 pages, 58 KB<\/li><li><a href=\"\/\/\/Users\/frammonney\/Downloads\/Air2030-FAQ-Kurzversion-fr.pdf\" target=\"_blank\" rel=\"noreferrer noopener\">FAQ version courte Air2030<\/a><br>Version du 23.10.2019<br>PDF, 2 pages, 230 KB<\/li><li><a rel=\"noreferrer noopener\" href=\"https:\/\/luftverteidigung.ch\/fr\/wp-content\/uploads\/sites\/3\/2020\/09\/Luftverteidigung-als-Gesamtsystem-f-1-comp.pdf\" target=\"_blank\">Brochure \u00ab\u00a0La d\u00e9fense a\u00e9rienne &#8211; un syst\u00e8me global\u00a0\u00bb<\/a><br>Version du 20.07.2018<br>PDF, 24 pages, 1 MB<\/li><\/ul>\n\n\n\n<p>Publications du <a href=\"https:\/\/www.lilienberg.ch\/publikationen\/\" target=\"_blank\" rel=\"noreferrer noopener\">Stiftung Lilienberg Unternehmerforum<\/a> (en allemand)<\/p>\n\n\n\n<ul class=\"wp-block-list\"><li><a href=\"\/\/\/Users\/frammonney\/Downloads\/1805_Herausforderung_neues_Kampfflugzeig_f%C3%BCr_die_Schweiz-1.pdf\" target=\"_blank\" rel=\"noreferrer noopener\">Herausforderung neues Kampfflugzeug f\u00fcr die Schweiz<\/a><br>Version de mai 2018 &#8211; <em>2e \u00e9dition r\u00e9vis\u00e9e<\/em><br>PDF, 16 pages, 6.1 MB<\/li><li><a href=\"\/\/\/Users\/frammonney\/Downloads\/1903_Die_Schweiz_braucht_eine_moderne_Luftverteidigung-1.pdf\" target=\"_blank\" rel=\"noreferrer noopener\">Die Schweiz braucht eine moderne Luftverteidigung<\/a><br><em>Papier de position du Stiftung Lilienberg Unternehmerforum<\/em><br>Version du 21.03.2019<br>PDF, 8 pages, 172 KB<\/li><\/ul>\n\n\n\n<p><\/p>\n","protected":false},"excerpt":{"rendered":"<p>Nous mettons ici \u00e0 votre disposition des documents d&rsquo;information \u00e0 t\u00e9l\u00e9charger : Documents publi\u00e9s par le DDPS &gt; D\u00e9fense &gt; Air2030 &#8211; Protection de l&rsquo;espace a\u00e9rien Carte de poche (Pocketcard) Air2030Version du 15.04.2019PDF, 2 pages, 75 KB Brochure Air2030Version du<\/p>\n","protected":false},"author":1,"featured_media":0,"parent":0,"menu_order":14,"comment_status":"closed","ping_status":"closed","template":"","meta":{"footnotes":""},"class_list":["post-35","page","type-page","status-publish","hentry"],"_links":{"self":[{"href":"https:\/\/luftverteidigung.ch\/fr\/wp-json\/wp\/v2\/pages\/35","targetHints":{"allow":["GET"]}}],"collection":[{"href":"https:\/\/luftverteidigung.ch\/fr\/wp-json\/wp\/v2\/pages"}],"about":[{"href":"https:\/\/luftverteidigung.ch\/fr\/wp-json\/wp\/v2\/types\/page"}],"author":[{"embeddable":true,"href":"https:\/\/luftverteidigung.ch\/fr\/wp-json\/wp\/v2\/users\/1"}],"replies":[{"embeddable":true,"href":"https:\/\/luftverteidigung.ch\/fr\/wp-json\/wp\/v2\/comments?post=35"}],"version-history":[{"count":4,"href":"https:\/\/luftverteidigung.ch\/fr\/wp-json\/wp\/v2\/pages\/35\/revisions"}],"predecessor-version":[{"id":572,"href":"https:\/\/luftverteidigung.ch\/fr\/wp-json\/wp\/v2\/pages\/35\/revisions\/572"}],"wp:attachment":[{"href":"https:\/\/luftverteidigung.ch\/fr\/wp-json\/wp\/v2\/media?parent=35"}],"curies":[{"name":"wp","href":"https:\/\/api.w.org\/{rel}","templated":true}]}}