{"id":37,"date":"2020-08-01T17:51:45","date_gmt":"2020-08-01T15:51:45","guid":{"rendered":"http:\/\/luftverteidigung.ch\/fr\/?page_id=37"},"modified":"2020-09-19T10:43:43","modified_gmt":"2020-09-19T08:43:43","slug":"conferenciers-et-intervenants","status":"publish","type":"page","link":"https:\/\/luftverteidigung.ch\/fr\/conferenciers-et-intervenants\/","title":{"rendered":"Conf\u00e9renciers et intervenants"},"content":{"rendered":"\n<p>Pour toute demande de conf\u00e9renci\u00e8re ou de conf\u00e9rencier&nbsp;en langue fran\u00e7aise, merci de vous adresser \u00e0 francoismonney (at) me.com.<\/p>\n\n\n\n<p>F\u00fcr Referentenanfragen in deutscher Sprache, wenden Sie sich bitte an rogerharr (at) bluewin.ch.<\/p>\n","protected":false},"excerpt":{"rendered":"<p>Pour toute demande de conf\u00e9renci\u00e8re ou de conf\u00e9rencier&nbsp;en langue fran\u00e7aise, merci de vous adresser \u00e0 francoismonney (at) me.com. F\u00fcr Referentenanfragen in deutscher Sprache, wenden Sie sich bitte an rogerharr (at) bluewin.ch.<\/p>\n","protected":false},"author":1,"featured_media":0,"parent":0,"menu_order":15,"comment_status":"closed","ping_status":"closed","template":"","meta":{"footnotes":""},"class_list":["post-37","page","type-page","status-publish","hentry"],"_links":{"self":[{"href":"https:\/\/luftverteidigung.ch\/fr\/wp-json\/wp\/v2\/pages\/37","targetHints":{"allow":["GET"]}}],"collection":[{"href":"https:\/\/luftverteidigung.ch\/fr\/wp-json\/wp\/v2\/pages"}],"about":[{"href":"https:\/\/luftverteidigung.ch\/fr\/wp-json\/wp\/v2\/types\/page"}],"author":[{"embeddable":true,"href":"https:\/\/luftverteidigung.ch\/fr\/wp-json\/wp\/v2\/users\/1"}],"replies":[{"embeddable":true,"href":"https:\/\/luftverteidigung.ch\/fr\/wp-json\/wp\/v2\/comments?post=37"}],"version-history":[{"count":3,"href":"https:\/\/luftverteidigung.ch\/fr\/wp-json\/wp\/v2\/pages\/37\/revisions"}],"predecessor-version":[{"id":332,"href":"https:\/\/luftverteidigung.ch\/fr\/wp-json\/wp\/v2\/pages\/37\/revisions\/332"}],"wp:attachment":[{"href":"https:\/\/luftverteidigung.ch\/fr\/wp-json\/wp\/v2\/media?parent=37"}],"curies":[{"name":"wp","href":"https:\/\/api.w.org\/{rel}","templated":true}]}}